{"id":1084,"date":"2019-08-05T20:44:05","date_gmt":"2019-08-05T20:44:05","guid":{"rendered":"http:\/\/www.ymjakt.fi\/?page_id=1084"},"modified":"2020-01-22T19:05:22","modified_gmt":"2020-01-22T19:05:22","slug":"medlemskap","status":"publish","type":"page","link":"https:\/\/www.ymjakt.fi\/?page_id=1084","title":{"rendered":"Medlemskap"},"content":{"rendered":"\t\t<div data-elementor-type=\"wp-post\" data-elementor-id=\"1084\" class=\"elementor elementor-1084\">\n\t\t\t\t\t\t<section class=\"elementor-section elementor-top-section elementor-element elementor-element-7963e68 elementor-section-boxed elementor-section-height-default elementor-section-height-default\" data-id=\"7963e68\" data-element_type=\"section\" data-e-type=\"section\">\n\t\t\t\t\t\t<div class=\"elementor-container elementor-column-gap-default\">\n\t\t\t\t\t<div class=\"elementor-column elementor-col-100 elementor-top-column elementor-element elementor-element-356c04d\" data-id=\"356c04d\" data-element_type=\"column\" data-e-type=\"column\">\n\t\t\t<div class=\"elementor-widget-wrap elementor-element-populated\">\n\t\t\t\t\t\t<div class=\"elementor-element elementor-element-de4c492 elementor-widget elementor-widget-text-editor\" data-id=\"de4c492\" data-element_type=\"widget\" data-e-type=\"widget\" data-widget_type=\"text-editor.default\">\n\t\t\t\t<div class=\"elementor-widget-container\">\n\t\t\t\t\t\t\t\t\t<p>Enligt f\u00f6reningens stadgar kan alla som \u00e4r intresserade av jakt och viltv\u00e5rd och som stadigvarande \u00e4r bosatta i Yttermalax bli medlemmar.<\/p><p>Personer, j\u00e4gare som flyttar till och bos\u00e4tter sig i Yttermalax, kan efter anh\u00e5llan f\u00e5 \u00e5rskort, vilket ger alla r\u00e4ttigheter till jakt. F\u00f6r n\u00e4rvarande till\u00e4mpas praxisen att man f\u00e5r n\u00f6ja sig med \u00e5rskort i fem \u00e5r. D\u00e4refter kan man anh\u00e5lla om ordinarie medlemskap. \u00c4ven j\u00e4gare bosatta utanf\u00f6r Yttermalax kan under vissa f\u00f6rh\u00e5llanden och efter f\u00f6reningsbeslut beviljas \u00e5rskort.<\/p><p><span style=\"text-decoration: underline;\"><span style=\"color: #3366ff; text-decoration: underline;\"><a style=\"color: #3366ff; text-decoration: underline;\" href=\"https:\/\/www.ymjakt.fi\/wp-content\/uploads\/2020\/01\/YMJ-Stadgar.pdf\" target=\"_blank\" rel=\"noopener\">F\u00f6reningens stadgar (uppdaterade 04.10.2016)<\/a><\/span><\/span><\/p><p>Enligt \u00e5rsm\u00f6tetsbeslut fr\u00e5n 2013 ska den person som\u00a0<img decoding=\"async\" class=\" wp-image-1094 alignright\" src=\"https:\/\/www.ymjakt.fi\/wp-content\/uploads\/2019\/08\/04X-300x225.jpg\" alt=\"\" width=\"228\" height=\"172\" srcset=\"https:\/\/www.ymjakt.fi\/wp-content\/uploads\/2019\/08\/04X-300x225.jpg 300w, https:\/\/www.ymjakt.fi\/wp-content\/uploads\/2019\/08\/04X.jpg 640w\" sizes=\"(max-width: 228px) 100vw, 228px\" \/>ans\u00f6ker\u00a0om medlemskap i f\u00f6reningen vara n\u00e4rvarande p\u00e5 medlemsm\u00f6tet som behandlar ans\u00f6kan i fall den som an\u00f6ker inte \u00e4r n\u00e4rvarande behandlas inte ans\u00f6kan. Tillf\u00e4lligt \u00e5rskort fram till n\u00e4sta medlemmsm\u00f6te kan beviljas i vissa fall av styrelsen.<\/p><p>F\u00f6r alla andra finns det m\u00f6jlighet att jaga i f\u00f6reningens marker p\u00e5 dagkort vilket b\u00f6r ske tillsammans med f\u00f6reningsmedlem.<\/p><p>Ans\u00f6kan om medlemskap eller \u00e5rskort b\u00f6r g\u00f6ras skriftligt till f\u00f6reningens\u00a0<a href=\"http:\/\/www.malax.org\/ymjakt\/styrelsen.html\">ordf\u00f6rande.<\/a> Dagkort anh\u00e5ller man om genom kontakt med n\u00e5gon av styrelsemedlemmarna.<\/p><p><strong><span style=\"text-decoration: underline;\">Jakts\u00e4songen 2015 g\u00e4ller f\u00f6ljande avgifter inom f\u00f6reningen:<\/span><\/strong><\/p><table border=\"1\" cellspacing=\"0\" cellpadding=\"0\"><tbody><tr><td width=\"120\">Anslutningsavgift<\/td><td><strong>50 \u20ac<\/strong><\/td><\/tr><tr><td>Medlemsavgift<\/td><td><strong>30 \u20ac\u00a0 (30\u20ac fr\u00e5n 2014)<\/strong><\/td><\/tr><tr><td width=\"120\">\u00c5rskort<\/td><td><strong>50 \u20ac (50\u20ac fr\u00e5n 2014)<\/strong><\/td><\/tr><tr><td width=\"120\">Dagkort<\/td><td><strong>10 \u20ac<\/strong><\/td><\/tr><\/tbody><\/table><p><span style=\"text-decoration: underline; color: #ff0000;\"><i>\u00c5rskortsmedlem har samma r\u00e4ttigheter som ordinarie ang\u00e5ende jakten, men han\/hon har inte r\u00f6str\u00e4tt p\u00e5 medlemsm\u00f6ten. \u00c5rskortet ska fr\u00e5n och med jakts\u00e4songen 2010 s\u00f6kas \u00e5rligen.<\/i><\/span><\/p><p><span style=\"text-decoration: underline; color: #ff0000;\"><i>OBS! Nya medlemmar och j\u00e4gare med \u00e5rskort b\u00f6r s\u00f6ka information om jaktmarkerna och \u00f6vriga best\u00e4mmelser som g\u00e4ller f\u00f6r jakten.<\/i><\/span><\/p>\t\t\t\t\t\t\t\t<\/div>\n\t\t\t\t<\/div>\n\t\t\t\t\t<\/div>\n\t\t<\/div>\n\t\t\t\t\t<\/div>\n\t\t<\/section>\n\t\t\t\t<\/div>\n\t\t","protected":false},"excerpt":{"rendered":"<p>Enligt f\u00f6reningens stadgar kan alla som \u00e4r intresserade av jakt och viltv\u00e5rd och som stadigvarande \u00e4r bosatta i Yttermalax bli medlemmar. Personer, j\u00e4gare som flyttar till och bos\u00e4tter sig i Yttermalax, kan efter anh\u00e5llan f\u00e5 \u00e5rskort, vilket ger alla r\u00e4ttigheter till jakt. F\u00f6r n\u00e4rvarande till\u00e4mpas praxisen att man f\u00e5r n\u00f6ja sig med \u00e5rskort i fem&#8230;<\/p>\n","protected":false},"author":1,"featured_media":0,"parent":0,"menu_order":0,"comment_status":"closed","ping_status":"closed","template":"","meta":{"footnotes":""},"class_list":["post-1084","page","type-page","status-publish","hentry"],"_links":{"self":[{"href":"https:\/\/www.ymjakt.fi\/index.php?rest_route=\/wp\/v2\/pages\/1084","targetHints":{"allow":["GET"]}}],"collection":[{"href":"https:\/\/www.ymjakt.fi\/index.php?rest_route=\/wp\/v2\/pages"}],"about":[{"href":"https:\/\/www.ymjakt.fi\/index.php?rest_route=\/wp\/v2\/types\/page"}],"author":[{"embeddable":true,"href":"https:\/\/www.ymjakt.fi\/index.php?rest_route=\/wp\/v2\/users\/1"}],"replies":[{"embeddable":true,"href":"https:\/\/www.ymjakt.fi\/index.php?rest_route=%2Fwp%2Fv2%2Fcomments&post=1084"}],"version-history":[{"count":10,"href":"https:\/\/www.ymjakt.fi\/index.php?rest_route=\/wp\/v2\/pages\/1084\/revisions"}],"predecessor-version":[{"id":1347,"href":"https:\/\/www.ymjakt.fi\/index.php?rest_route=\/wp\/v2\/pages\/1084\/revisions\/1347"}],"wp:attachment":[{"href":"https:\/\/www.ymjakt.fi\/index.php?rest_route=%2Fwp%2Fv2%2Fmedia&parent=1084"}],"curies":[{"name":"wp","href":"https:\/\/api.w.org\/{rel}","templated":true}]}}