{"id":117,"date":"2019-03-31T06:59:04","date_gmt":"2019-03-31T06:59:04","guid":{"rendered":"http:\/\/www.ymjakt.fi\/wordpress\/?page_id=117"},"modified":"2025-09-05T09:13:11","modified_gmt":"2025-09-05T09:13:11","slug":"skjuttraning","status":"publish","type":"page","link":"https:\/\/www.ymjakt.fi\/?page_id=117","title":{"rendered":"Skjuttr\u00e4ning"},"content":{"rendered":"<h2><a style=\"color: #3366ff; text-decoration: underline;\" href=\"https:\/\/www.ymjakt.fi\/wp-content\/uploads\/2025\/06\/skyttekvallar_2025.pdf\"><b style=\"font-size: 1rem;\">Skytteprogram_<\/b><b style=\"font-size: 1rem;\">2025.pdf<\/b><\/a><\/h2>\n<p><b style=\"color: #000000; font-size: 1rem;\">SKJUTKV\u00c4LLAR MED SIMULATORN:<br \/>\n<\/b>Kv\u00e4llar n\u00e4r f\u00f6reningarna f\u00e5r vara i Ymjf:s jaktsuga och skjuta finns p\u00e5 Nejdens hemsida.<\/p>\n<p><strong>LUFTGEV\u00c4RS BANAN I JAKTSTUGAN.<\/strong><br \/>\nLuftgerv\u00e4rsskyttet p\u00e5b\u00f6rjas f\u00f6rsta veckan i februari, f\u00f6rslagsvis tisdagar men kolla med n\u00e5n av kontaktpersonerna f\u00f6r luftgev\u00e4rsskjutbanan Christer Malm, Knut Storm eller Mauritz Ostberg.<\/p>\n<p><strong>SKYTTE LOTTERI<\/strong><br \/>\nEn fri deltagaravgift i \u00e4lgjakten lottas ut till h\u00f6stens \u00e4lgjakt.<br \/>\nVarje uppn\u00e5tt 200 po\u00e4ng p\u00e5 minibanan eller Tallmossen ber\u00e4ttigar till en lott.<\/p>\n<p><strong>\u00c4lgjakt<\/strong><br \/>\nF\u00f6r \u00e4lgjakt samt hjortjakt rekommenderas 100 po\u00e4ng avklaras p\u00e5 stora banan vid Tallmossen. Skjutningen g\u00f6rs p\u00e5 4 st\u00e5ende och 6 l\u00f6pande \u00e4lgtavlor.<\/p>\n","protected":false},"excerpt":{"rendered":"<p>Skytteprogram_2025.pdf SKJUTKV\u00c4LLAR MED SIMULATORN: Kv\u00e4llar n\u00e4r f\u00f6reningarna f\u00e5r vara i Ymjf:s jaktsuga och skjuta finns p\u00e5 Nejdens hemsida. LUFTGEV\u00c4RS BANAN I JAKTSTUGAN. Luftgerv\u00e4rsskyttet p\u00e5b\u00f6rjas f\u00f6rsta veckan i februari, f\u00f6rslagsvis tisdagar men kolla med n\u00e5n av kontaktpersonerna f\u00f6r luftgev\u00e4rsskjutbanan Christer Malm, Knut Storm eller Mauritz Ostberg. SKYTTE LOTTERI En fri deltagaravgift i \u00e4lgjakten lottas ut till&#8230;<\/p>\n","protected":false},"author":1,"featured_media":0,"parent":0,"menu_order":0,"comment_status":"closed","ping_status":"closed","template":"","meta":{"footnotes":""},"class_list":["post-117","page","type-page","status-publish","hentry"],"_links":{"self":[{"href":"https:\/\/www.ymjakt.fi\/index.php?rest_route=\/wp\/v2\/pages\/117","targetHints":{"allow":["GET"]}}],"collection":[{"href":"https:\/\/www.ymjakt.fi\/index.php?rest_route=\/wp\/v2\/pages"}],"about":[{"href":"https:\/\/www.ymjakt.fi\/index.php?rest_route=\/wp\/v2\/types\/page"}],"author":[{"embeddable":true,"href":"https:\/\/www.ymjakt.fi\/index.php?rest_route=\/wp\/v2\/users\/1"}],"replies":[{"embeddable":true,"href":"https:\/\/www.ymjakt.fi\/index.php?rest_route=%2Fwp%2Fv2%2Fcomments&post=117"}],"version-history":[{"count":54,"href":"https:\/\/www.ymjakt.fi\/index.php?rest_route=\/wp\/v2\/pages\/117\/revisions"}],"predecessor-version":[{"id":2593,"href":"https:\/\/www.ymjakt.fi\/index.php?rest_route=\/wp\/v2\/pages\/117\/revisions\/2593"}],"wp:attachment":[{"href":"https:\/\/www.ymjakt.fi\/index.php?rest_route=%2Fwp%2Fv2%2Fmedia&parent=117"}],"curies":[{"name":"wp","href":"https:\/\/api.w.org\/{rel}","templated":true}]}}