{"id":135,"date":"2019-03-31T11:41:51","date_gmt":"2019-03-31T11:41:51","guid":{"rendered":"http:\/\/www.ymjakt.fi\/wordpress\/?page_id=135"},"modified":"2025-01-12T11:23:18","modified_gmt":"2025-01-12T11:23:18","slug":"kontakt","status":"publish","type":"page","link":"https:\/\/www.ymjakt.fi\/?page_id=135","title":{"rendered":"Kontakt \/ Styrelse"},"content":{"rendered":"\t\t<div data-elementor-type=\"wp-post\" data-elementor-id=\"135\" class=\"elementor elementor-135\">\n\t\t\t\t\t\t<section class=\"elementor-section elementor-top-section elementor-element elementor-element-54d8b7a elementor-section-boxed elementor-section-height-default elementor-section-height-default\" data-id=\"54d8b7a\" data-element_type=\"section\" data-e-type=\"section\">\n\t\t\t\t\t\t<div class=\"elementor-container elementor-column-gap-default\">\n\t\t\t\t\t<div class=\"elementor-column elementor-col-100 elementor-top-column elementor-element elementor-element-875ed30\" data-id=\"875ed30\" data-element_type=\"column\" data-e-type=\"column\">\n\t\t\t<div class=\"elementor-widget-wrap elementor-element-populated\">\n\t\t\t\t\t\t<div class=\"elementor-element elementor-element-7c78b95 elementor-widget elementor-widget-text-editor\" data-id=\"7c78b95\" data-element_type=\"widget\" data-e-type=\"widget\" data-widget_type=\"text-editor.default\">\n\t\t\t\t<div class=\"elementor-widget-container\">\n\t\t\t\t\t\t\t\t\t<p><span style=\"color: #000000;\"><strong>ORDF\u00d6RANDE<\/strong>: Johan Lindroos\u00a0<\/span><br \/><span style=\"color: #000000;\">Gsm: 050-3678194<\/span><br \/><span style=\"color: #000000;\">Email: <span style=\"text-decoration: underline;\"><span style=\"color: #3366ff; text-decoration: underline;\"><span lang=\"FI\" style=\"color: #3366ff; text-decoration: underline;\"><a style=\"color: #3366ff; text-decoration: underline;\" href=\"mailto:johan.lindroos@pp.inet.fi\" target=\"_blank\" rel=\"noopener\">johan.lindroos@pp.inet.fi<\/a><\/span><\/span><\/span><\/span><\/p><p><span style=\"color: #000000;\"><strong>VICE ORDF<\/strong>:\u00a0<\/span><span style=\"color: #000000;\">Alf Gronkvist<\/span><span style=\"color: #000000;\"><br \/><\/span><span style=\"color: #000000;\">Gsm:\u00a0<\/span><span style=\"color: #000000;\">040-5272066<\/span><span style=\"color: #000000;\"><br \/><\/span><span style=\"color: #000000;\">Email: <span style=\"text-decoration: underline;\"><a href=\"mailto:alf.gronkvist@pp.malax.fi\">alf.gronkvist@pp.malax.fi\u00a0<\/a><\/span><\/span><\/p><p><span style=\"color: #000000; font-weight: bolder; font-size: 1rem;\">SEKTRETERARE<\/span><span style=\"color: #000000;\">: Isac Hemming<\/span><br \/><span style=\"color: #000000;\">Gsm: 040-9116712<\/span><br \/><span style=\"color: #000000;\">Email: <a href=\"mailto:hemmingisac@gmail.com\"><span style=\"text-decoration: underline;\">hemmingisac@gmail.com<\/span><\/a><\/span><span style=\"text-decoration: underline;\"><br \/><\/span><\/p><p><span style=\"color: #000000;\"><strong>KASS\u00d6R<\/strong>: Patrik H\u00f6gfors <\/span><br \/><span style=\"color: #000000;\">Gsm: 045-8625999<\/span><br \/><span style=\"color: #000000;\">Email: <span style=\"text-decoration: underline;\"><a href=\"mailto:patrikhogfors@gmail.com\">patrikhogfors@gmail.com<\/a><\/span><\/span><\/p><p><strong><span style=\"color: #000000;\">MEDLEM<\/span>:<\/strong><span style=\"color: #000000;\"> Hans-Erik L\u00e5ngback<\/span><br \/><span style=\"color: #000000;\">Gsm: 040-0250190<\/span><br \/><span style=\"color: #000000;\">Email:<\/span> <span style=\"text-decoration: underline;\"><span style=\"color: #3366ff;\"><a style=\"color: #3366ff; text-decoration: underline;\" href=\"mailto:hejsanlangback@hotmail.com\" target=\"_blank\" rel=\"noopener\">hejsanlangback@hotmail.com<\/a><\/span><\/span><\/p><p><span style=\"color: #000000;\"><strong>MEDLEM:\u00a0<\/strong><\/span><span style=\"color: #000000;\">Lukas Str\u00f6mfors<\/span><span style=\"color: #000000;\"><br \/>Gsm:\u00a0<\/span><span style=\"color: #000000;\">050-5299154<\/span><span style=\"color: #000000;\"><br \/>Email:\u00a0<\/span><a style=\"font-weight: var( --e-global-typography-text-font-weight ); font-size: 1rem; background-color: #dddddd; color: #3366ff; outline: 0px;\" href=\"mailto:danutgard@hotmail.com\" target=\"_blank\" rel=\"noopener\"><span lang=\"SV-FI\">l<\/span><\/a><span style=\"font-weight: var( --e-global-typography-text-font-weight ); font-size: 1rem; color: #3366ff; text-decoration-line: underline;\">ukas.stromfors@gmail.com<\/span><\/p><p><span style=\"font-size: 1rem; color: #000000; font-weight: bolder;\">MEDLEM<\/span><span style=\"color: #000000;\">: Niklas Herrg\u00e5rd<\/span><br \/><span style=\"color: #000000;\">Gsm: 050-5916009<\/span><br \/><span style=\"color: #000000;\">Email: <span style=\"text-decoration: underline;\"><a href=\"mailto:herrgard23@gmail.com\">herrgard23@gmail.com<\/a><\/span><\/span><span style=\"color: #000000;\"><span style=\"text-decoration: underline;\"><br \/><\/span><\/span><\/p><p><span style=\"color: #000000;\"><strong>SUPPLEANTER<\/strong>: Carl-Fredrik L\u00e5ngback<\/span><br \/><span style=\"color: #000000;\">Gsm: 040-5262147<\/span><br \/><span style=\"color: #000000;\">Email: <a href=\"mailto:carl-fredrik.langback@bob.fi\"><span style=\"text-decoration: underline;\">carl-fredrik.langback@bob.fi<\/span><\/a><\/span><\/p><p><span style=\"color: #000000;\"><strong>SUPPLEANTER<\/strong>: Dan Utg\u00e5rd<\/span><br \/><span style=\"color: #000000;\">Gsm: 050-0548189\u00a0<\/span><br \/><span style=\"color: #000000;\">Email: <span style=\"text-decoration: underline; color: #3366ff;\"><a style=\"color: #3366ff;\" href=\"mailto:danutgard@hotmail.com\" target=\"_blank\" rel=\"noopener\"><span lang=\"SV-FI\">danutgard@hotmail.com<\/span><\/a><\/span><\/span><\/p><p><span style=\"color: #000000;\"><span style=\"font-weight: bolder;\">SUPPLEANTER<\/span>: Elmedin Sipic<\/span><br \/><span style=\"color: #000000;\">Gsm: 050-3016790<\/span><br \/><span style=\"color: #000000;\">Email: <a href=\"mailto:elmedin.sipic@pp.malax.fi\"><span style=\"text-decoration: underline;\">elmedin.sipic@pp.malax.fi<\/span><\/a><\/span><span style=\"color: #000000;\"><br \/><\/span><\/p><p><span style=\"color: #000000;\"><strong>VERKSAMHETS- GRANSKARE<\/strong>: Emilia Wikman<\/span><br \/><span style=\"color: #000000;\">Gms: 050-3740362<\/span><br \/><span style=\"color: #000000;\">Email: <span style=\"text-decoration: underline;\"><a href=\"mailto:emiliavikman@hotmail.com\">emiliavikman@hotmail.com<\/a><\/span><\/span><\/p><p><span style=\"color: #000000;\"><strong>VERKSAMHETS- GRANSKARE<\/strong>: Thomas West<\/span><br \/><span style=\"color: #000000;\">Gsm: 050-5926989<\/span><br \/><span style=\"color: #000000;\">Email: <a href=\"mailto:thomas.west@netikka.fi\"><span style=\"text-decoration: underline;\">thomas.west@netikka.fi<\/span><\/a><\/span><\/p><p><span style=\"color: #000000;\"><span style=\"font-weight: bolder;\">SKYTTE KOMMITTE<\/span>: Niklas Herrg\u00e5rd<\/span><br \/><span style=\"color: #000000;\">Gsm: 050-5916009<\/span><br \/><span style=\"color: #000000;\">Email: <a href=\"mailto:knutstorm53@gmail.com\"><span style=\"text-decoration: underline;\">herrgard23@gmail.com<\/span><\/a><\/span><span style=\"text-decoration: underline;\"><br \/><\/span><\/p>\t\t\t\t\t\t\t\t<\/div>\n\t\t\t\t<\/div>\n\t\t\t\t\t<\/div>\n\t\t<\/div>\n\t\t\t\t\t<\/div>\n\t\t<\/section>\n\t\t\t\t<section class=\"elementor-section elementor-top-section elementor-element elementor-element-e14b0d1 elementor-section-full_width elementor-section-height-default elementor-section-height-default\" data-id=\"e14b0d1\" data-element_type=\"section\" data-e-type=\"section\">\n\t\t\t\t\t\t<div class=\"elementor-container elementor-column-gap-default\">\n\t\t\t\t\t<div class=\"elementor-column elementor-col-50 elementor-top-column elementor-element elementor-element-9834e6d\" data-id=\"9834e6d\" data-element_type=\"column\" data-e-type=\"column\">\n\t\t\t<div class=\"elementor-widget-wrap elementor-element-populated\">\n\t\t\t\t\t\t<div class=\"elementor-element elementor-element-895e9de elementor-widget elementor-widget-text-editor\" data-id=\"895e9de\" data-element_type=\"widget\" data-e-type=\"widget\" data-widget_type=\"text-editor.default\">\n\t\t\t\t<div class=\"elementor-widget-container\">\n\t\t\t\t\t\t\t\t\t<h3><strong>Yttermalax Slaktstuga\u00a0<\/strong><\/h3>\t\t\t\t\t\t\t\t<\/div>\n\t\t\t\t<\/div>\n\t\t\t\t\t<\/div>\n\t\t<\/div>\n\t\t\t\t<div class=\"elementor-column elementor-col-50 elementor-top-column elementor-element elementor-element-85682d2\" data-id=\"85682d2\" data-element_type=\"column\" data-e-type=\"column\">\n\t\t\t<div class=\"elementor-widget-wrap elementor-element-populated\">\n\t\t\t\t\t\t<div class=\"elementor-element elementor-element-f0985bf elementor-widget elementor-widget-google_maps\" data-id=\"f0985bf\" data-element_type=\"widget\" data-e-type=\"widget\" data-widget_type=\"google_maps.default\">\n\t\t\t\t<div class=\"elementor-widget-container\">\n\t\t\t\t\t\t\t<div class=\"elementor-custom-embed\">\n\t\t\t<iframe loading=\"lazy\"\n\t\t\t\t\tsrc=\"https:\/\/maps.google.com\/maps?q=62%C2%B057%2702.7%22N%2021%C2%B034%2733.9%22E&#038;t=m&#038;z=12&#038;output=embed&#038;iwloc=near\"\n\t\t\t\t\ttitle=\"62\u00b057&#039;02.7&quot;N 21\u00b034&#039;33.9&quot;E\"\n\t\t\t\t\taria-label=\"62\u00b057&#039;02.7&quot;N 21\u00b034&#039;33.9&quot;E\"\n\t\t\t><\/iframe>\n\t\t<\/div>\n\t\t\t\t\t\t<\/div>\n\t\t\t\t<\/div>\n\t\t\t\t\t<\/div>\n\t\t<\/div>\n\t\t\t\t\t<\/div>\n\t\t<\/section>\n\t\t\t\t<\/div>\n\t\t","protected":false},"excerpt":{"rendered":"<p>ORDF\u00d6RANDE: Johan Lindroos\u00a0Gsm: 050-3678194Email: johan.lindroos@pp.inet.fi VICE ORDF:\u00a0Alf GronkvistGsm:\u00a0040-5272066Email: alf.gronkvist@pp.malax.fi\u00a0 SEKTRETERARE: Isac HemmingGsm: 040-9116712Email: hemmingisac@gmail.com KASS\u00d6R: Patrik H\u00f6gfors Gsm: 045-8625999Email: patrikhogfors@gmail.com MEDLEM: Hans-Erik L\u00e5ngbackGsm: 040-0250190Email: hejsanlangback@hotmail.com MEDLEM:\u00a0Lukas Str\u00f6mforsGsm:\u00a0050-5299154Email:\u00a0lukas.stromfors@gmail.com MEDLEM: Niklas Herrg\u00e5rdGsm: 050-5916009Email: herrgard23@gmail.com SUPPLEANTER: Carl-Fredrik L\u00e5ngbackGsm: 040-5262147Email: carl-fredrik.langback@bob.fi SUPPLEANTER: Dan Utg\u00e5rdGsm: 050-0548189\u00a0Email: danutgard@hotmail.com SUPPLEANTER: Elmedin SipicGsm: 050-3016790Email: elmedin.sipic@pp.malax.fi VERKSAMHETS- GRANSKARE: Emilia WikmanGms: 050-3740362Email: emiliavikman@hotmail.com VERKSAMHETS- GRANSKARE:&#8230;<\/p>\n","protected":false},"author":1,"featured_media":0,"parent":0,"menu_order":0,"comment_status":"closed","ping_status":"closed","template":"","meta":{"footnotes":""},"class_list":["post-135","page","type-page","status-publish","hentry"],"_links":{"self":[{"href":"https:\/\/www.ymjakt.fi\/index.php?rest_route=\/wp\/v2\/pages\/135","targetHints":{"allow":["GET"]}}],"collection":[{"href":"https:\/\/www.ymjakt.fi\/index.php?rest_route=\/wp\/v2\/pages"}],"about":[{"href":"https:\/\/www.ymjakt.fi\/index.php?rest_route=\/wp\/v2\/types\/page"}],"author":[{"embeddable":true,"href":"https:\/\/www.ymjakt.fi\/index.php?rest_route=\/wp\/v2\/users\/1"}],"replies":[{"embeddable":true,"href":"https:\/\/www.ymjakt.fi\/index.php?rest_route=%2Fwp%2Fv2%2Fcomments&post=135"}],"version-history":[{"count":95,"href":"https:\/\/www.ymjakt.fi\/index.php?rest_route=\/wp\/v2\/pages\/135\/revisions"}],"predecessor-version":[{"id":2517,"href":"https:\/\/www.ymjakt.fi\/index.php?rest_route=\/wp\/v2\/pages\/135\/revisions\/2517"}],"wp:attachment":[{"href":"https:\/\/www.ymjakt.fi\/index.php?rest_route=%2Fwp%2Fv2%2Fmedia&parent=135"}],"curies":[{"name":"wp","href":"https:\/\/api.w.org\/{rel}","templated":true}]}}