{"id":156,"date":"2019-03-31T12:31:31","date_gmt":"2019-03-31T12:31:31","guid":{"rendered":"http:\/\/www.ymjakt.fi\/wordpress\/?page_id=156"},"modified":"2025-09-05T09:12:22","modified_gmt":"2025-09-05T09:12:22","slug":"smaviltsjakt","status":"publish","type":"page","link":"https:\/\/www.ymjakt.fi\/?page_id=156","title":{"rendered":"Sm\u00e5viltsjakt"},"content":{"rendered":"\t\t<div data-elementor-type=\"wp-post\" data-elementor-id=\"156\" class=\"elementor elementor-156\">\n\t\t\t\t\t\t<section class=\"elementor-section elementor-top-section elementor-element elementor-element-eb2ba2d elementor-section-boxed elementor-section-height-default elementor-section-height-default\" data-id=\"eb2ba2d\" data-element_type=\"section\" data-e-type=\"section\">\n\t\t\t\t\t\t<div class=\"elementor-container elementor-column-gap-default\">\n\t\t\t\t\t<div class=\"elementor-column elementor-col-100 elementor-top-column elementor-element elementor-element-cfeffa9\" data-id=\"cfeffa9\" data-element_type=\"column\" data-e-type=\"column\">\n\t\t\t<div class=\"elementor-widget-wrap elementor-element-populated\">\n\t\t\t\t\t\t<div class=\"elementor-element elementor-element-702d1ea elementor-widget elementor-widget-text-editor\" data-id=\"702d1ea\" data-element_type=\"widget\" data-e-type=\"widget\" data-widget_type=\"text-editor.default\">\n\t\t\t\t<div class=\"elementor-widget-container\">\n\t\t\t\t\t\t\t\t\t<p style=\"text-align: left;\">Alla medlemmar som skjutit r\u00e5djur ska sj\u00e4lv anm\u00e4la om detta p\u00e5 omariista. \u00c4ven anm\u00e4lan till hjort och r\u00e5djursjaktledaren. OBS f\u00e4llavgift p\u00e5 10\u20ac betals in p\u00e5 f\u00f6reningens konto.<\/p>\n<p><strong>Skyddsjakt p\u00e5 storskarv i Malax inre sk\u00e4rg\u00e5rd.<\/strong><br>\nG\u00e4ller fr\u00e5n 20.8 till 31.10, \u00e5ren 2017-2019. 30 st\/\u00e5r, sammanlagt 90 st. Skjutning till\u00e5ten endast i omedelbar n\u00e4rhet av yrkesfiskares f\u00e5ngstredskap, p\u00e5 h\u00f6gst 200m avst\u00e5nd. Huvuden av de skjutna skarvarna tas om m\u00f6jligt tillvara. Sams\u00e4nds efter jakten till Finlands milj\u00f6central.<\/p>\n<p>Alla skjutna skarvar fotograferas (Rekommendation fr\u00e5n Korsn\u00e4s-Malax fiskeomr\u00e5de)<br>\nOmr\u00e5det det g\u00e4ller:<br>\nSvart\u00f6fj\u00e4rden, Stensk\u00e4rsfj\u00e4rden, gr\u00e4ns mot norr Penika bron, L\u00e5ngsk\u00e4r, mot nordv\u00e4st Kalvsk\u00e4ret, Ols\u00f6n, mot v\u00e4st Skinnarslandet, Herrg\u00e5rdssk\u00e4ret. mot syd Trut\u00f6ren, mot ost fastlandet. Se karta i bilagorna<br>\nFj\u00e4rde grynnan \u00e4r fredad.<\/p>\n<p><strong>Skottpengar f\u00f6r skadef\u00e5glar \/ sm\u00e5 rovdjur \u00e4r som f\u00f6ljer:<\/strong><\/p>\n<p>Kr\u00e5ka, Skata 1 \u20ac\/st<br>\nTrut 3 \u20ac\/st<br>\nSkogsm\u00e5rd, M\u00e5rdhund, R\u00e4v, Gr\u00e4vling, Hermelin 10 \u20ac\/st<br>\nMink 5 \u20ac\/st<br>\nSkabbr\u00e4v \/ skabbm\u00e5rdhund 30 \u20ac\/st<br>\nH\u00f6ger framtass, h\u00f6ger vinge (trut), klopar ska kunna visas p\u00e5 beg\u00e4ran av kass\u00f6ren.<\/p>\n<p>Var och en som \u00f6nskar f\u00e5 ut sina skottpengar b\u00f6r om detta anm\u00e4la samt ge sitt kontonummer t.ex. p\u00e5 n\u00e4tet eller p\u00e5 returnerade f\u00e5nglistan till styrelsen.<\/p>\n<p>Kroppar av trut och kr\u00e5ka tas emot av Mikael Appel (050 518 5140), kropparna anv\u00e4nds av retriver klubben vid hundtr\u00e4ning.<\/p>\t\t\t\t\t\t\t\t<\/div>\n\t\t\t\t<\/div>\n\t\t\t\t\t<\/div>\n\t\t<\/div>\n\t\t\t\t\t<\/div>\n\t\t<\/section>\n\t\t\t\t<\/div>\n\t\t","protected":false},"excerpt":{"rendered":"<p>Alla medlemmar som skjutit r\u00e5djur ska sj\u00e4lv anm\u00e4la om detta p\u00e5 omariista. \u00c4ven anm\u00e4lan till hjort och r\u00e5djursjaktledaren. OBS f\u00e4llavgift p\u00e5 10\u20ac betals in p\u00e5 f\u00f6reningens konto. Skyddsjakt p\u00e5 storskarv i Malax inre sk\u00e4rg\u00e5rd. G\u00e4ller fr\u00e5n 20.8 till 31.10, \u00e5ren 2017-2019. 30 st\/\u00e5r, sammanlagt 90 st. Skjutning till\u00e5ten endast i omedelbar n\u00e4rhet av yrkesfiskares f\u00e5ngstredskap,&#8230;<\/p>\n","protected":false},"author":1,"featured_media":0,"parent":0,"menu_order":0,"comment_status":"closed","ping_status":"closed","template":"","meta":{"footnotes":""},"class_list":["post-156","page","type-page","status-publish","hentry"],"_links":{"self":[{"href":"https:\/\/www.ymjakt.fi\/index.php?rest_route=\/wp\/v2\/pages\/156","targetHints":{"allow":["GET"]}}],"collection":[{"href":"https:\/\/www.ymjakt.fi\/index.php?rest_route=\/wp\/v2\/pages"}],"about":[{"href":"https:\/\/www.ymjakt.fi\/index.php?rest_route=\/wp\/v2\/types\/page"}],"author":[{"embeddable":true,"href":"https:\/\/www.ymjakt.fi\/index.php?rest_route=\/wp\/v2\/users\/1"}],"replies":[{"embeddable":true,"href":"https:\/\/www.ymjakt.fi\/index.php?rest_route=%2Fwp%2Fv2%2Fcomments&post=156"}],"version-history":[{"count":14,"href":"https:\/\/www.ymjakt.fi\/index.php?rest_route=\/wp\/v2\/pages\/156\/revisions"}],"predecessor-version":[{"id":2592,"href":"https:\/\/www.ymjakt.fi\/index.php?rest_route=\/wp\/v2\/pages\/156\/revisions\/2592"}],"wp:attachment":[{"href":"https:\/\/www.ymjakt.fi\/index.php?rest_route=%2Fwp%2Fv2%2Fmedia&parent=156"}],"curies":[{"name":"wp","href":"https:\/\/api.w.org\/{rel}","templated":true}]}}