{"id":1850,"date":"2021-06-09T15:29:09","date_gmt":"2021-06-09T15:29:09","guid":{"rendered":"http:\/\/www.ymjakt.fi\/?page_id=1850"},"modified":"2021-09-22T03:23:07","modified_gmt":"2021-09-22T03:23:07","slug":"moten-2021","status":"publish","type":"page","link":"https:\/\/www.ymjakt.fi\/?page_id=1850","title":{"rendered":"M\u00f6ten 2021"},"content":{"rendered":"\n<p><a rel=\"noreferrer noopener\" href=\"https:\/\/www.ymjakt.fi\/wp-content\/uploads\/2021\/09\/Algjakts-regler-2021.pdf\" target=\"_blank\"><strong>YMJ-\u00c4lgjakts_regler-2021<br><\/strong><\/a><a href=\"https:\/\/www.ymjakt.fi\/wp-content\/uploads\/2021\/09\/YMJ-Hjort_Mote-protokoll-2021-09-19.pdf\"><strong>YMJ-Hjort_M\u00f6te-protokoll-2021-09-19<br><\/strong><\/a><a rel=\"noreferrer noopener\" href=\"https:\/\/www.ymjakt.fi\/wp-content\/uploads\/2021\/09\/YMJ-Alg_Mote-protokoll-2021-09-19.pdf\" target=\"_blank\"><strong>YMJ-\u00c4lg_M\u00f6te-protokoll-2021-09-19<br><\/strong><\/a><a rel=\"noreferrer noopener\" href=\"https:\/\/www.ymjakt.fi\/wp-content\/uploads\/2021\/08\/2021-08-08-Hostmotes-Protokoll.pdf\" target=\"_blank\"><strong>YMJ-H\u00f6stm\u00f6tes-Protokoll-08-08-2021<br><\/strong><\/a><a rel=\"noreferrer noopener\" href=\"https:\/\/www.ymjakt.fi\/wp-content\/uploads\/2021\/08\/YM-J-OMJ-Gemensama-mote-29-06-2021.pdf\" target=\"_blank\"><strong>YMJ-OMJ-Gemensama-m\u00f6te-29-06-2021<br><\/strong><\/a><a href=\"https:\/\/www.ymjakt.fi\/wp-content\/uploads\/2021\/06\/YMJ-ArsMote-protokoll-2021-05-30.pdf\" target=\"_blank\" rel=\"noreferrer noopener\"><strong>YMJ-\u00c5rsM\u00f6te-protokoll-05-30-2021<\/strong><\/a><\/p>\n","protected":false},"excerpt":{"rendered":"<p>YMJ-\u00c4lgjakts_regler-2021YMJ-Hjort_M\u00f6te-protokoll-2021-09-19YMJ-\u00c4lg_M\u00f6te-protokoll-2021-09-19YMJ-H\u00f6stm\u00f6tes-Protokoll-08-08-2021YMJ-OMJ-Gemensama-m\u00f6te-29-06-2021YMJ-\u00c5rsM\u00f6te-protokoll-05-30-2021<\/p>\n","protected":false},"author":1,"featured_media":0,"parent":0,"menu_order":0,"comment_status":"closed","ping_status":"closed","template":"","meta":{"footnotes":""},"class_list":["post-1850","page","type-page","status-publish","hentry"],"_links":{"self":[{"href":"https:\/\/www.ymjakt.fi\/index.php?rest_route=\/wp\/v2\/pages\/1850","targetHints":{"allow":["GET"]}}],"collection":[{"href":"https:\/\/www.ymjakt.fi\/index.php?rest_route=\/wp\/v2\/pages"}],"about":[{"href":"https:\/\/www.ymjakt.fi\/index.php?rest_route=\/wp\/v2\/types\/page"}],"author":[{"embeddable":true,"href":"https:\/\/www.ymjakt.fi\/index.php?rest_route=\/wp\/v2\/users\/1"}],"replies":[{"embeddable":true,"href":"https:\/\/www.ymjakt.fi\/index.php?rest_route=%2Fwp%2Fv2%2Fcomments&post=1850"}],"version-history":[{"count":6,"href":"https:\/\/www.ymjakt.fi\/index.php?rest_route=\/wp\/v2\/pages\/1850\/revisions"}],"predecessor-version":[{"id":1953,"href":"https:\/\/www.ymjakt.fi\/index.php?rest_route=\/wp\/v2\/pages\/1850\/revisions\/1953"}],"wp:attachment":[{"href":"https:\/\/www.ymjakt.fi\/index.php?rest_route=%2Fwp%2Fv2%2Fmedia&parent=1850"}],"curies":[{"name":"wp","href":"https:\/\/api.w.org\/{rel}","templated":true}]}}