{"id":2451,"date":"2024-02-17T06:18:33","date_gmt":"2024-02-17T06:18:33","guid":{"rendered":"https:\/\/www.ymjakt.fi\/?page_id=2451"},"modified":"2024-09-24T09:47:53","modified_gmt":"2024-09-24T09:47:53","slug":"moten-2024","status":"publish","type":"page","link":"https:\/\/www.ymjakt.fi\/?page_id=2451","title":{"rendered":"M\u00f6ten 2024"},"content":{"rendered":"\n<p><a href=\"https:\/\/www.ymjakt.fi\/wp-content\/uploads\/2024\/09\/YMJ-VsvHj-Algjakt-mote-15.09.2024.pdf\"><strong>YMJ-VsvHj-\u00c4lgjakt-m\u00f6te-15.09.2024<\/strong><\/a><br><a href=\"https:\/\/www.ymjakt.fi\/wp-content\/uploads\/2024\/07\/YMJ-Host-mote-23.7.2024.pdf\" data-type=\"attachment\" data-id=\"2486\"><strong>YMJ-H\u00f6stm\u00f6te-23.7.2024<\/strong><br><\/a><a href=\"https:\/\/www.ymjakt.fi\/wp-content\/uploads\/2024\/07\/YMJ-OMJ-Gemensamma-mote-4.7.2024.pdf\" target=\"_blank\" rel=\"noreferrer noopener\"><strong>YMJ-OMJ-Gemensamma-m\u00f6te-4.7.2024<\/strong><\/a><br><a href=\"https:\/\/www.ymjakt.fi\/wp-content\/uploads\/2024\/02\/YMJ-ArsMote-protokoll-11-02-2024.pdf\" target=\"_blank\" rel=\"noreferrer noopener\"><strong>YMJ-\u00c5rsM\u00f6te-protokoll-11-02-2024<\/strong><br><\/a><\/p>\n","protected":false},"excerpt":{"rendered":"<p>YMJ-VsvHj-\u00c4lgjakt-m\u00f6te-15.09.2024YMJ-H\u00f6stm\u00f6te-23.7.2024YMJ-OMJ-Gemensamma-m\u00f6te-4.7.2024YMJ-\u00c5rsM\u00f6te-protokoll-11-02-2024<\/p>\n","protected":false},"author":1,"featured_media":0,"parent":0,"menu_order":0,"comment_status":"closed","ping_status":"closed","template":"","meta":{"footnotes":""},"class_list":["post-2451","page","type-page","status-publish","hentry"],"_links":{"self":[{"href":"https:\/\/www.ymjakt.fi\/index.php?rest_route=\/wp\/v2\/pages\/2451","targetHints":{"allow":["GET"]}}],"collection":[{"href":"https:\/\/www.ymjakt.fi\/index.php?rest_route=\/wp\/v2\/pages"}],"about":[{"href":"https:\/\/www.ymjakt.fi\/index.php?rest_route=\/wp\/v2\/types\/page"}],"author":[{"embeddable":true,"href":"https:\/\/www.ymjakt.fi\/index.php?rest_route=\/wp\/v2\/users\/1"}],"replies":[{"embeddable":true,"href":"https:\/\/www.ymjakt.fi\/index.php?rest_route=%2Fwp%2Fv2%2Fcomments&post=2451"}],"version-history":[{"count":8,"href":"https:\/\/www.ymjakt.fi\/index.php?rest_route=\/wp\/v2\/pages\/2451\/revisions"}],"predecessor-version":[{"id":2498,"href":"https:\/\/www.ymjakt.fi\/index.php?rest_route=\/wp\/v2\/pages\/2451\/revisions\/2498"}],"wp:attachment":[{"href":"https:\/\/www.ymjakt.fi\/index.php?rest_route=%2Fwp%2Fv2%2Fmedia&parent=2451"}],"curies":[{"name":"wp","href":"https:\/\/api.w.org\/{rel}","templated":true}]}}