{"id":2534,"date":"2025-02-14T08:52:04","date_gmt":"2025-02-14T08:52:04","guid":{"rendered":"https:\/\/www.ymjakt.fi\/?page_id=2534"},"modified":"2025-12-03T18:07:03","modified_gmt":"2025-12-03T18:07:03","slug":"mote-2025","status":"publish","type":"page","link":"https:\/\/www.ymjakt.fi\/?page_id=2534","title":{"rendered":"M\u00f6ten 2025"},"content":{"rendered":"\n<p><strong><a href=\"https:\/\/www.ymjakt.fi\/wp-content\/uploads\/2025\/12\/YMJ-algmote-protokoll-14-09-2025-.pdf\" target=\"_blank\" rel=\"noreferrer noopener\">YMJ-\u00e4\u00c4lgm\u00f6te-protokoll-14-09-2025<\/a><\/strong><br><strong><a href=\"https:\/\/www.ymjakt.fi\/wp-content\/uploads\/2025\/08\/YMJ-Hostmote-03-08-2025.pdf\" target=\"_blank\" rel=\"noreferrer noopener\">YMJ-H\u00f6stm\u00f6te-03-08-2025<\/a><\/strong><br><strong><a href=\"https:\/\/www.ymjakt.fi\/wp-content\/uploads\/2025\/02\/YMJ-ArsMote-protokoll-26-01-2025.pdf\" target=\"_blank\" rel=\"noreferrer noopener\">YMJ-\u00c5rsM\u00f6te-protokoll-26-01-2025<\/a><\/strong><\/p>\n\n\n\n<p><\/p>\n","protected":false},"excerpt":{"rendered":"<p>YMJ-\u00e4\u00c4lgm\u00f6te-protokoll-14-09-2025YMJ-H\u00f6stm\u00f6te-03-08-2025YMJ-\u00c5rsM\u00f6te-protokoll-26-01-2025<\/p>\n","protected":false},"author":1,"featured_media":0,"parent":0,"menu_order":0,"comment_status":"closed","ping_status":"closed","template":"","meta":{"footnotes":""},"class_list":["post-2534","page","type-page","status-publish","hentry"],"_links":{"self":[{"href":"https:\/\/www.ymjakt.fi\/index.php?rest_route=\/wp\/v2\/pages\/2534","targetHints":{"allow":["GET"]}}],"collection":[{"href":"https:\/\/www.ymjakt.fi\/index.php?rest_route=\/wp\/v2\/pages"}],"about":[{"href":"https:\/\/www.ymjakt.fi\/index.php?rest_route=\/wp\/v2\/types\/page"}],"author":[{"embeddable":true,"href":"https:\/\/www.ymjakt.fi\/index.php?rest_route=\/wp\/v2\/users\/1"}],"replies":[{"embeddable":true,"href":"https:\/\/www.ymjakt.fi\/index.php?rest_route=%2Fwp%2Fv2%2Fcomments&post=2534"}],"version-history":[{"count":6,"href":"https:\/\/www.ymjakt.fi\/index.php?rest_route=\/wp\/v2\/pages\/2534\/revisions"}],"predecessor-version":[{"id":2607,"href":"https:\/\/www.ymjakt.fi\/index.php?rest_route=\/wp\/v2\/pages\/2534\/revisions\/2607"}],"wp:attachment":[{"href":"https:\/\/www.ymjakt.fi\/index.php?rest_route=%2Fwp%2Fv2%2Fmedia&parent=2534"}],"curies":[{"name":"wp","href":"https:\/\/api.w.org\/{rel}","templated":true}]}}