{"id":280,"date":"2019-07-15T05:55:18","date_gmt":"2019-07-15T05:55:18","guid":{"rendered":"http:\/\/www.ymjakt.fi\/wordpress\/?page_id=280"},"modified":"2019-10-16T16:00:45","modified_gmt":"2019-10-16T16:00:45","slug":"moten-2015","status":"publish","type":"page","link":"https:\/\/www.ymjakt.fi\/?page_id=280","title":{"rendered":"M\u00f6ten 2015"},"content":{"rendered":"\t\t<div data-elementor-type=\"wp-post\" data-elementor-id=\"280\" class=\"elementor elementor-280\">\n\t\t\t\t\t\t<section class=\"elementor-section elementor-top-section elementor-element elementor-element-726b5e5 elementor-section-boxed elementor-section-height-default elementor-section-height-default\" data-id=\"726b5e5\" data-element_type=\"section\" data-e-type=\"section\">\n\t\t\t\t\t\t<div class=\"elementor-container elementor-column-gap-default\">\n\t\t\t\t\t<div class=\"elementor-column elementor-col-100 elementor-top-column elementor-element elementor-element-509c027\" data-id=\"509c027\" data-element_type=\"column\" data-e-type=\"column\">\n\t\t\t<div class=\"elementor-widget-wrap elementor-element-populated\">\n\t\t\t\t\t\t<div class=\"elementor-element elementor-element-713028a elementor-widget elementor-widget-text-editor\" data-id=\"713028a\" data-element_type=\"widget\" data-e-type=\"widget\" data-widget_type=\"text-editor.default\">\n\t\t\t\t<div class=\"elementor-widget-container\">\n\t\t\t\t\t\t\t\t\t<h6><strong style=\"color: #3366ff;\"><a style=\"color: #3366ff; outline: 0px; text-decoration-line: underline;\" href=\"https:\/\/www.ymjakt.fi\/wp-content\/uploads\/2019\/07\/YMJ-%C3%A4lgm%C3%B6te-2015-20-09.pdf\">YMJ-\u00c4lgm\u00f6te-2015-09-20<\/a><\/strong><\/h6><h6><span style=\"text-decoration: underline;\"><span style=\"color: #3366ff; text-decoration: underline;\"><strong><a style=\"color: #3366ff; text-decoration: underline;\" href=\"https:\/\/www.ymjakt.fi\/wp-content\/uploads\/2019\/07\/YMJ-hjortm\u00f6te-2015-28-09-Andra_m\u00f6te.pdf\">YMJ-Hjortm\u00f6te-2015-09-28-Andra_m\u00f6te<\/a> <\/strong><\/span><\/span><\/h6><h6><span style=\"text-decoration: underline;\"><span style=\"color: #3366ff; text-decoration: underline;\"><strong><a style=\"color: #3366ff; text-decoration: underline;\" href=\"https:\/\/www.ymjakt.fi\/wp-content\/uploads\/2019\/07\/YMJ-hjortm\u00f6te-2015-20-09.pdf\">YMJ-Hjortm\u00f6te-2015-09-20<\/a><\/strong><\/span><\/span><\/h6><h6><strong style=\"color: #3366ff;\"><a style=\"color: #3366ff; outline: 0px; text-decoration-line: underline;\" href=\"https:\/\/www.ymjakt.fi\/wp-content\/uploads\/2019\/07\/YMJ-h%C3%B6stm%C3%B6te-2015-09-08.pdf\">YMJ-H\u00f6stm\u00f6te-2015-08-09<\/a><\/strong><\/h6><h6><span style=\"text-decoration: underline;\"><span style=\"color: #3366ff; text-decoration: underline;\"><strong><a style=\"color: #3366ff; text-decoration: underline;\" href=\"https:\/\/www.ymjakt.fi\/wp-content\/uploads\/2019\/07\/YMJ-\u00c5rsm\u00f6te-2015-25-1.pdf\">YMJ-\u00c5rsm\u00f6te-2015-01-25<\/a> <\/strong><\/span><\/span><\/h6>\t\t\t\t\t\t\t\t<\/div>\n\t\t\t\t<\/div>\n\t\t\t\t\t<\/div>\n\t\t<\/div>\n\t\t\t\t\t<\/div>\n\t\t<\/section>\n\t\t\t\t<\/div>\n\t\t","protected":false},"excerpt":{"rendered":"<p>YMJ-\u00c4lgm\u00f6te-2015-09-20 YMJ-Hjortm\u00f6te-2015-09-28-Andra_m\u00f6te YMJ-Hjortm\u00f6te-2015-09-20 YMJ-H\u00f6stm\u00f6te-2015-08-09 YMJ-\u00c5rsm\u00f6te-2015-01-25<\/p>\n","protected":false},"author":1,"featured_media":0,"parent":0,"menu_order":0,"comment_status":"closed","ping_status":"closed","template":"","meta":{"footnotes":""},"class_list":["post-280","page","type-page","status-publish","hentry"],"_links":{"self":[{"href":"https:\/\/www.ymjakt.fi\/index.php?rest_route=\/wp\/v2\/pages\/280","targetHints":{"allow":["GET"]}}],"collection":[{"href":"https:\/\/www.ymjakt.fi\/index.php?rest_route=\/wp\/v2\/pages"}],"about":[{"href":"https:\/\/www.ymjakt.fi\/index.php?rest_route=\/wp\/v2\/types\/page"}],"author":[{"embeddable":true,"href":"https:\/\/www.ymjakt.fi\/index.php?rest_route=\/wp\/v2\/users\/1"}],"replies":[{"embeddable":true,"href":"https:\/\/www.ymjakt.fi\/index.php?rest_route=%2Fwp%2Fv2%2Fcomments&post=280"}],"version-history":[{"count":5,"href":"https:\/\/www.ymjakt.fi\/index.php?rest_route=\/wp\/v2\/pages\/280\/revisions"}],"predecessor-version":[{"id":1168,"href":"https:\/\/www.ymjakt.fi\/index.php?rest_route=\/wp\/v2\/pages\/280\/revisions\/1168"}],"wp:attachment":[{"href":"https:\/\/www.ymjakt.fi\/index.php?rest_route=%2Fwp%2Fv2%2Fmedia&parent=280"}],"curies":[{"name":"wp","href":"https:\/\/api.w.org\/{rel}","templated":true}]}}