{"id":283,"date":"2019-07-15T05:55:20","date_gmt":"2019-07-15T05:55:20","guid":{"rendered":"http:\/\/www.ymjakt.fi\/wordpress\/?page_id=283"},"modified":"2019-10-16T15:56:46","modified_gmt":"2019-10-16T15:56:46","slug":"moten-2012","status":"publish","type":"page","link":"https:\/\/www.ymjakt.fi\/?page_id=283","title":{"rendered":"M\u00f6ten 2012"},"content":{"rendered":"\t\t<div data-elementor-type=\"wp-post\" data-elementor-id=\"283\" class=\"elementor elementor-283\">\n\t\t\t\t\t\t<section class=\"elementor-section elementor-top-section elementor-element elementor-element-d2a9f35 elementor-section-boxed elementor-section-height-default elementor-section-height-default\" data-id=\"d2a9f35\" data-element_type=\"section\" data-e-type=\"section\">\n\t\t\t\t\t\t<div class=\"elementor-container elementor-column-gap-default\">\n\t\t\t\t\t<div class=\"elementor-column elementor-col-100 elementor-top-column elementor-element elementor-element-99ccbb5\" data-id=\"99ccbb5\" data-element_type=\"column\" data-e-type=\"column\">\n\t\t\t<div class=\"elementor-widget-wrap elementor-element-populated\">\n\t\t\t\t\t\t<div class=\"elementor-element elementor-element-44387a1 elementor-widget elementor-widget-text-editor\" data-id=\"44387a1\" data-element_type=\"widget\" data-e-type=\"widget\" data-widget_type=\"text-editor.default\">\n\t\t\t\t<div class=\"elementor-widget-container\">\n\t\t\t\t\t\t\t\t\t<h6><span style=\"text-decoration: underline;\"><span style=\"color: #3366ff; text-decoration: underline;\"><strong><a style=\"color: #3366ff; text-decoration: underline;\" href=\"https:\/\/www.ymjakt.fi\/wp-content\/uploads\/2019\/07\/YMJ-h\u00f6stm\u00f6te-2012-05-08.pdf\">YMJ-H\u00f6stm\u00f6te-2012-08-05<\/a> <\/strong><\/span><\/span><\/h6><h6><span style=\"text-decoration: underline;\"><span style=\"color: #3366ff; text-decoration: underline;\"><strong><a style=\"color: #3366ff; text-decoration: underline;\" href=\"https:\/\/www.ymjakt.fi\/wp-content\/uploads\/2019\/07\/YMJ-\u00c5rsm\u00f6te-2012-19-1.pdf\">YMJ-\u00c5rsm\u00f6te-2012-01-19<\/a> <\/strong><\/span><\/span><\/h6><h6><span style=\"text-decoration: underline;\"><span style=\"color: #3366ff; text-decoration: underline;\"><strong><a style=\"color: #3366ff; text-decoration: underline;\" href=\"https:\/\/www.ymjakt.fi\/wp-content\/uploads\/2019\/07\/YMJ-\u00e4lgm\u00f6te-2012-19-09.pdf\">YMJ-\u00c4lgm\u00f6te-2012-09-19<\/a><\/strong><\/span><\/span><\/h6>\t\t\t\t\t\t\t\t<\/div>\n\t\t\t\t<\/div>\n\t\t\t\t\t<\/div>\n\t\t<\/div>\n\t\t\t\t\t<\/div>\n\t\t<\/section>\n\t\t\t\t<\/div>\n\t\t","protected":false},"excerpt":{"rendered":"<p>YMJ-H\u00f6stm\u00f6te-2012-08-05 YMJ-\u00c5rsm\u00f6te-2012-01-19 YMJ-\u00c4lgm\u00f6te-2012-09-19<\/p>\n","protected":false},"author":1,"featured_media":0,"parent":0,"menu_order":0,"comment_status":"closed","ping_status":"closed","template":"","meta":{"footnotes":""},"class_list":["post-283","page","type-page","status-publish","hentry"],"_links":{"self":[{"href":"https:\/\/www.ymjakt.fi\/index.php?rest_route=\/wp\/v2\/pages\/283","targetHints":{"allow":["GET"]}}],"collection":[{"href":"https:\/\/www.ymjakt.fi\/index.php?rest_route=\/wp\/v2\/pages"}],"about":[{"href":"https:\/\/www.ymjakt.fi\/index.php?rest_route=\/wp\/v2\/types\/page"}],"author":[{"embeddable":true,"href":"https:\/\/www.ymjakt.fi\/index.php?rest_route=\/wp\/v2\/users\/1"}],"replies":[{"embeddable":true,"href":"https:\/\/www.ymjakt.fi\/index.php?rest_route=%2Fwp%2Fv2%2Fcomments&post=283"}],"version-history":[{"count":7,"href":"https:\/\/www.ymjakt.fi\/index.php?rest_route=\/wp\/v2\/pages\/283\/revisions"}],"predecessor-version":[{"id":1890,"href":"https:\/\/www.ymjakt.fi\/index.php?rest_route=\/wp\/v2\/pages\/283\/revisions\/1890"}],"wp:attachment":[{"href":"https:\/\/www.ymjakt.fi\/index.php?rest_route=%2Fwp%2Fv2%2Fmedia&parent=283"}],"curies":[{"name":"wp","href":"https:\/\/api.w.org\/{rel}","templated":true}]}}