{"id":341,"date":"2019-07-15T06:05:52","date_gmt":"2019-07-15T06:05:52","guid":{"rendered":"http:\/\/www.ymjakt.fi\/wordpress\/?page_id=341"},"modified":"2020-07-23T15:39:21","modified_gmt":"2020-07-23T15:39:21","slug":"moten-2019","status":"publish","type":"page","link":"https:\/\/www.ymjakt.fi\/?page_id=341","title":{"rendered":"M\u00f6ten 2019"},"content":{"rendered":"\t\t<div data-elementor-type=\"wp-post\" data-elementor-id=\"341\" class=\"elementor elementor-341\">\n\t\t\t\t\t\t<section class=\"elementor-section elementor-top-section elementor-element elementor-element-7feed7e elementor-section-boxed elementor-section-height-default elementor-section-height-default\" data-id=\"7feed7e\" data-element_type=\"section\" data-e-type=\"section\">\n\t\t\t\t\t\t<div class=\"elementor-container elementor-column-gap-default\">\n\t\t\t\t\t<div class=\"elementor-column elementor-col-100 elementor-top-column elementor-element elementor-element-b653177\" data-id=\"b653177\" data-element_type=\"column\" data-e-type=\"column\">\n\t\t\t<div class=\"elementor-widget-wrap elementor-element-populated\">\n\t\t\t\t\t\t<div class=\"elementor-element elementor-element-8349929 elementor-widget elementor-widget-text-editor\" data-id=\"8349929\" data-element_type=\"widget\" data-e-type=\"widget\" data-widget_type=\"text-editor.default\">\n\t\t\t\t<div class=\"elementor-widget-container\">\n\t\t\t\t\t\t\t\t\t<h6><span style=\"text-decoration: underline;\"><strong><span style=\"color: #3366ff; text-decoration: underline;\"><a style=\"color: #3366ff; text-decoration: underline;\" href=\"https:\/\/www.ymjakt.fi\/wp-content\/uploads\/2019\/10\/YMJ-\u00c4LGINFO-2019-10-11-Fre.pdf\" target=\"_blank\" rel=\"noopener\">YMJ-\u00c4LGINFO-2019-10-11<\/a><\/span><\/strong><\/span><\/h6><h6><span style=\"text-decoration: underline;\"><span style=\"color: #3366ff; font-size: 1em; text-decoration: underline;\"><strong><a style=\"color: #3366ff; text-decoration: underline;\" href=\"https:\/\/www.ymjakt.fi\/wp-content\/uploads\/2019\/08\/2019-08-04-H\u00f6stm\u00f6te.pdf\">YMJ-\u00c4lgm\u00f6te<\/a>&#8211;<\/strong><\/span><span style=\"color: #3366ff; font-size: 1em; text-decoration: underline;\"><strong><a style=\"color: #3366ff; text-decoration: underline;\" href=\"https:\/\/www.ymjakt.fi\/wp-content\/uploads\/2019\/09\/2019-09-22-\u00c4lgm\u00f6te.pdf\">2019-09-22<\/a><\/strong><\/span><\/span><\/h6><h6><span style=\"text-decoration: underline;\"><strong><span style=\"color: #3366ff;\"><a style=\"color: #3366ff; text-decoration: underline;\" href=\"https:\/\/www.ymjakt.fi\/wp-content\/uploads\/2019\/12\/2019-09-22-Hjortm\u00f6te.pdf\">YMJ-Hjortm\u00f6te 2019-09-22<\/a><\/span><\/strong><\/span><\/h6><h6><span style=\"text-decoration: underline;\"><span style=\"color: #3366ff; font-size: 1em; text-decoration: underline;\"><strong><a style=\"color: #3366ff; text-decoration: underline;\" href=\"https:\/\/www.ymjakt.fi\/wp-content\/uploads\/2019\/08\/2019-08-04-H\u00f6stm\u00f6te.pdf\">YMJ-H\u00f6stm\u00f6te<\/a>&#8211;<\/strong><\/span><span style=\"color: #3366ff; font-size: 1em; text-decoration: underline;\"><strong><a style=\"color: #3366ff; text-decoration: underline;\" href=\"https:\/\/www.ymjakt.fi\/wp-content\/uploads\/2019\/08\/2019-08-04-H\u00f6stm\u00f6te.pdf\">2019-08-04<\/a><\/strong><\/span><\/span><\/h6><h6><strong style=\"color: #3366ff; text-decoration-line: underline; font-size: 1em;\"><a style=\"color: #3366ff;\" href=\"https:\/\/www.ymjakt.fi\/wp-content\/uploads\/2019\/07\/YMJ-\u00c5rsm\u00f6te-2019-27-1.pdf\">YMJ-\u00c5rsm\u00f6te-2019-01-27<\/a><\/strong><\/h6>\t\t\t\t\t\t\t\t<\/div>\n\t\t\t\t<\/div>\n\t\t\t\t\t<\/div>\n\t\t<\/div>\n\t\t\t\t\t<\/div>\n\t\t<\/section>\n\t\t\t\t<\/div>\n\t\t","protected":false},"excerpt":{"rendered":"<p>YMJ-\u00c4LGINFO-2019-10-11 YMJ-\u00c4lgm\u00f6te&#8211;2019-09-22 YMJ-Hjortm\u00f6te 2019-09-22 YMJ-H\u00f6stm\u00f6te&#8211;2019-08-04 YMJ-\u00c5rsm\u00f6te-2019-01-27<\/p>\n","protected":false},"author":1,"featured_media":0,"parent":0,"menu_order":0,"comment_status":"closed","ping_status":"closed","template":"","meta":{"footnotes":""},"class_list":["post-341","page","type-page","status-publish","hentry"],"_links":{"self":[{"href":"https:\/\/www.ymjakt.fi\/index.php?rest_route=\/wp\/v2\/pages\/341","targetHints":{"allow":["GET"]}}],"collection":[{"href":"https:\/\/www.ymjakt.fi\/index.php?rest_route=\/wp\/v2\/pages"}],"about":[{"href":"https:\/\/www.ymjakt.fi\/index.php?rest_route=\/wp\/v2\/types\/page"}],"author":[{"embeddable":true,"href":"https:\/\/www.ymjakt.fi\/index.php?rest_route=\/wp\/v2\/users\/1"}],"replies":[{"embeddable":true,"href":"https:\/\/www.ymjakt.fi\/index.php?rest_route=%2Fwp%2Fv2%2Fcomments&post=341"}],"version-history":[{"count":13,"href":"https:\/\/www.ymjakt.fi\/index.php?rest_route=\/wp\/v2\/pages\/341\/revisions"}],"predecessor-version":[{"id":1481,"href":"https:\/\/www.ymjakt.fi\/index.php?rest_route=\/wp\/v2\/pages\/341\/revisions\/1481"}],"wp:attachment":[{"href":"https:\/\/www.ymjakt.fi\/index.php?rest_route=%2Fwp%2Fv2%2Fmedia&parent=341"}],"curies":[{"name":"wp","href":"https:\/\/api.w.org\/{rel}","templated":true}]}}