{"id":353,"date":"2019-07-15T06:21:12","date_gmt":"2019-07-15T06:21:12","guid":{"rendered":"http:\/\/www.ymjakt.fi\/wordpress\/?page_id=353"},"modified":"2019-09-22T17:37:59","modified_gmt":"2019-09-22T17:37:59","slug":"jaktmarker","status":"publish","type":"page","link":"https:\/\/www.ymjakt.fi\/?page_id=353","title":{"rendered":"Jaktmarker"},"content":{"rendered":"\t\t<div data-elementor-type=\"wp-post\" data-elementor-id=\"353\" class=\"elementor elementor-353\">\n\t\t\t\t\t\t<section class=\"elementor-section elementor-top-section elementor-element elementor-element-48b6485 elementor-section-boxed elementor-section-height-default elementor-section-height-default\" data-id=\"48b6485\" data-element_type=\"section\" data-e-type=\"section\">\n\t\t\t\t\t\t<div class=\"elementor-container elementor-column-gap-default\">\n\t\t\t\t\t<div class=\"elementor-column elementor-col-100 elementor-top-column elementor-element elementor-element-370f8f8\" data-id=\"370f8f8\" data-element_type=\"column\" data-e-type=\"column\">\n\t\t\t<div class=\"elementor-widget-wrap elementor-element-populated\">\n\t\t\t\t\t\t<div class=\"elementor-element elementor-element-c87e9f6 elementor-widget elementor-widget-text-editor\" data-id=\"c87e9f6\" data-element_type=\"widget\" data-e-type=\"widget\" data-widget_type=\"text-editor.default\">\n\t\t\t\t<div class=\"elementor-widget-container\">\n\t\t\t\t\t\t\t\t\t<table border=\"1\"><tbody><tr><td>\u00a0<\/td><td>Ha<\/td><\/tr><tr><td>Jaktmarker med arrende<\/td><td>10842<\/td><\/tr><tr><td>Jaktmarker med avvikelser i arrendet<\/td><td>1143<\/td><\/tr><tr><td>Totala arealen jaktmarker med arrende<\/td><td>11514<\/td><\/tr><tr><td>Jaktmarker utan arrende<\/td><td>672<\/td><\/tr><tr><td>Marker totalt:<\/td><td>12186<\/td><\/tr><\/tbody><\/table><p><big>Arrendeavtal f\u00f6r Storsk\u00e4rsomr\u00e5det:<\/big><br \/><strong><span style=\"text-decoration: underline; color: #0000ff;\"><a style=\"color: #0000ff; text-decoration: underline;\" href=\"https:\/\/www.ymjakt.fi\/wp-content\/uploads\/2019\/09\/Storsk\u00c3\u00a4r-Arrendeavtal-2018-Undertecknat-ForstSt-YMJ-\u00c3\u2013MJ.pdf\" target=\"_blank\" rel=\"noopener\">Avtal (Undertecknat YMJF, \u00d6MJK)<\/a><\/span><br \/><span style=\"text-decoration: underline;\"><span style=\"color: #0000ff;\"><a style=\"color: #0000ff; text-decoration: underline;\" href=\"https:\/\/www.ymjakt.fi\/wp-content\/uploads\/2019\/09\/Storsk\u00c3\u00a4r-Arrendeavtal-2018-Karta-A4.pdf\" target=\"_blank\" rel=\"noopener\">Karta<\/a><\/span><\/span><\/strong><\/p><p><strong><span style=\"text-decoration: underline;\"><big>Kartor p\u00e5 fredade jaktmarker: <\/big> Uppdaterat 02.11.2016<\/span><\/strong><\/p><ul><li>\u00c5minne Skifte 26:26<\/li><li>S\u00f6derfj\u00e4rdsliden Skifte 20:93 Uppdaterat 15.08.2015<\/li><li>Ensk\u00e4ret: Skifte 4:152 och 4:147 Uppdaterat 10.08.2014:<\/li><li>Storsj\u00f6n (L\u00e5ngmark) Skifte 7:13 fredat<\/li><li>Haikne Skifte 11:25 fredat<\/li><\/ul><div style=\"padding-left: 40px;\"><span style=\"text-decoration: underline;\"><span style=\"color: #0000ff; text-decoration: underline;\"><a style=\"color: #0000ff; text-decoration: underline;\" href=\"https:\/\/www.ymjakt.fi\/wp-content\/uploads\/2019\/09\/Fredade-omr\u00e5den-Elisgrund_L\u00e5ngb\u00e5dan_Smultergrund.pdf\" target=\"_blank\" rel=\"noopener\"><big><small>Fredade omr\u00e5den Elisgrund_L\u00e5ngb\u00e5dan_Smultergrund.pdf<\/small><\/big><\/a><\/span><\/span><\/div><div style=\"padding-left: 40px;\"><span style=\"text-decoration: underline;\"><span style=\"color: #0000ff; text-decoration: underline;\"><a style=\"color: #0000ff; text-decoration: underline;\" href=\"https:\/\/www.ymjakt.fi\/wp-content\/uploads\/2019\/09\/Fredade-omr\u00e5den-Gr\u00e4sgrund_Skinnarslandet_Ohls\u00f6n_Kalvsk\u00e4ret.pdf\" target=\"_blank\" rel=\"noopener\"><big><small>Fredade omr\u00e5den Gr\u00e4sgrund_Skinnarslandet_Ohls\u00f6n_Kalvsk\u00e4ret.pdf<\/small><\/big><\/a><\/span><\/span><\/div><div style=\"padding-left: 40px;\"><span style=\"text-decoration: underline;\"><span style=\"color: #0000ff; text-decoration: underline;\"><a style=\"color: #0000ff; text-decoration: underline;\" href=\"https:\/\/www.ymjakt.fi\/wp-content\/uploads\/2019\/09\/Fredade-omr\u00e5den-H\u00e4gnesb\u00e4rget_Tuvas.pdf\" target=\"_blank\" rel=\"noopener\"><big><small>Fredade omr\u00e5den H\u00e4gnesb\u00e4rget_Tuvas.pdf<\/small><\/big><\/a><\/span><\/span><\/div><div style=\"padding-left: 40px;\"><span style=\"text-decoration: underline;\"><span style=\"color: #0000ff; text-decoration: underline;\"><a style=\"color: #0000ff; text-decoration: underline;\" href=\"https:\/\/www.ymjakt.fi\/wp-content\/uploads\/2019\/09\/Fredade-omr\u00e5den-Lippne_Haikne_B\u00f6r\u00e4ngen.pdf\" target=\"_blank\" rel=\"noopener\"><big><small>Fredade omr\u00e5den Lippne_Haikne_B\u00f6r\u00e4ngen.pdf<\/small><\/big><\/a><\/span><\/span><\/div><div style=\"padding-left: 40px;\"><span style=\"text-decoration: underline;\"><span style=\"color: #0000ff; text-decoration: underline;\"><a style=\"color: #0000ff; text-decoration: underline;\" href=\"https:\/\/www.ymjakt.fi\/wp-content\/uploads\/2019\/09\/Fredade-omr\u00e5den-Majorstr\u00e4sk_Mamretr\u00e4sk.pdf\" target=\"_blank\" rel=\"noopener\"><big><small>Fredade omr\u00e5den Majorstr\u00e4sk_Mamretr\u00e4sk.pdf<\/small><\/big><\/a><\/span><\/span><\/div><div style=\"padding-left: 40px;\"><span style=\"text-decoration: underline;\"><span style=\"color: #0000ff; text-decoration: underline;\"><a style=\"color: #0000ff; text-decoration: underline;\" href=\"https:\/\/www.ymjakt.fi\/wp-content\/uploads\/2019\/09\/Fredade-omr\u00e5den-Svart\u00f6n-\u00c5minne.pdf\" target=\"_blank\" rel=\"noopener\"><big><small>Fredade omr\u00e5den Svart\u00f6n-\u00c5minne.pdf<\/small><\/big><\/a><\/span><\/span><\/div><div style=\"padding-left: 40px;\"><span style=\"text-decoration: underline;\"><span style=\"color: #0000ff; text-decoration: underline;\"><a style=\"color: #0000ff; text-decoration: underline;\" href=\"https:\/\/www.ymjakt.fi\/wp-content\/uploads\/2019\/09\/Fredade-omr\u00e5den-Trut\u00f6ren_Medalsk\u00e4ret_S\u00f6dersk\u00e4ret_Herrg\u00e5rdsk\u00e4ret.pdf\" target=\"_blank\" rel=\"noopener\"><big><small>Fredade omr\u00e5den Trut\u00f6ren_Medalsk\u00e4ret_S\u00f6dersk\u00e4ret_Herrg\u00e5rdsk\u00e4ret.pdf<\/small><\/big><\/a><\/span><\/span><\/div><p style=\"padding-left: 40px;\"><span style=\"text-decoration: underline;\"><span style=\"color: #0000ff; text-decoration: underline;\"><a style=\"color: #0000ff; text-decoration: underline;\" href=\"https:\/\/www.ymjakt.fi\/wp-content\/uploads\/2019\/09\/Fredade-omr\u00e5den-Storsj\u00f6n.pdf\" target=\"_blank\" rel=\"noopener\"><big><small>Fredade omr\u00e5den Storsj\u00f6n.pdf<\/small><\/big><\/a><\/span><\/span><\/p><p><span style=\"text-decoration: underline;\"><big>OBS Malax \u00e5 (omr\u00e5det mellan b\u00e5da v\u00e4garna) \u00e4r fredat f\u00f6r all jakt f\u00f6rutom jakt p\u00e5 sm\u00e5rovdjur med f\u00e4llor.<\/big><\/span><\/p><p><strong>Kartorna uppdateras efterhand eller vid behov. Om ni har information om fredade skiften etc som inte finns med p\u00e5 kartorna eller kartorna beh\u00f6ver \u00e4ndras\/uppdateras, v\u00e4nligen kontakta n\u00e5gon ur\u00a0styrelsen.<br \/><\/strong><strong>Vissa av de fredade jaktmarkerna \u00e4r inte totalfredade utan viss jakt \u00e4r till\u00e5ten p\u00e5 markerna. En lista p\u00e5 undantagen \u00e4r under arbete.<br \/><\/strong><strong>Listan l\u00e4ggs upp p\u00e5 den h\u00e4r sidan n\u00e4r den \u00e4r f\u00e4rdig.<\/strong><\/p>\t\t\t\t\t\t\t\t<\/div>\n\t\t\t\t<\/div>\n\t\t\t\t\t<\/div>\n\t\t<\/div>\n\t\t\t\t\t<\/div>\n\t\t<\/section>\n\t\t\t\t<\/div>\n\t\t","protected":false},"excerpt":{"rendered":"<p>\u00a0 Ha Jaktmarker med arrende 10842 Jaktmarker med avvikelser i arrendet 1143 Totala arealen jaktmarker med arrende 11514 Jaktmarker utan arrende 672 Marker totalt: 12186 Arrendeavtal f\u00f6r Storsk\u00e4rsomr\u00e5det:Avtal (Undertecknat YMJF, \u00d6MJK)Karta Kartor p\u00e5 fredade jaktmarker: Uppdaterat 02.11.2016 \u00c5minne Skifte 26:26 S\u00f6derfj\u00e4rdsliden Skifte 20:93 Uppdaterat 15.08.2015 Ensk\u00e4ret: Skifte 4:152 och 4:147 Uppdaterat 10.08.2014: Storsj\u00f6n (L\u00e5ngmark) Skifte&#8230;<\/p>\n","protected":false},"author":1,"featured_media":0,"parent":0,"menu_order":0,"comment_status":"closed","ping_status":"closed","template":"","meta":{"footnotes":""},"class_list":["post-353","page","type-page","status-publish","hentry"],"_links":{"self":[{"href":"https:\/\/www.ymjakt.fi\/index.php?rest_route=\/wp\/v2\/pages\/353","targetHints":{"allow":["GET"]}}],"collection":[{"href":"https:\/\/www.ymjakt.fi\/index.php?rest_route=\/wp\/v2\/pages"}],"about":[{"href":"https:\/\/www.ymjakt.fi\/index.php?rest_route=\/wp\/v2\/types\/page"}],"author":[{"embeddable":true,"href":"https:\/\/www.ymjakt.fi\/index.php?rest_route=\/wp\/v2\/users\/1"}],"replies":[{"embeddable":true,"href":"https:\/\/www.ymjakt.fi\/index.php?rest_route=%2Fwp%2Fv2%2Fcomments&post=353"}],"version-history":[{"count":23,"href":"https:\/\/www.ymjakt.fi\/index.php?rest_route=\/wp\/v2\/pages\/353\/revisions"}],"predecessor-version":[{"id":1137,"href":"https:\/\/www.ymjakt.fi\/index.php?rest_route=\/wp\/v2\/pages\/353\/revisions\/1137"}],"wp:attachment":[{"href":"https:\/\/www.ymjakt.fi\/index.php?rest_route=%2Fwp%2Fv2%2Fmedia&parent=353"}],"curies":[{"name":"wp","href":"https:\/\/api.w.org\/{rel}","templated":true}]}}