{"id":49,"date":"2019-02-14T09:29:40","date_gmt":"2019-02-14T09:29:40","guid":{"rendered":"http:\/\/www.ymjakt.fi\/wordpress\/?page_id=49"},"modified":"2025-09-05T09:05:29","modified_gmt":"2025-09-05T09:05:29","slug":"hjortjakt","status":"publish","type":"page","link":"https:\/\/www.ymjakt.fi\/?page_id=49","title":{"rendered":"Hjortjakt"},"content":{"rendered":"<h6><strong style=\"color: #252525; font-size: 14.4px;\">OBS! Anm\u00e4lningen till <\/strong><strong style=\"color: #252525; font-size: 14.4px;\">hjort<\/strong><strong style=\"color: #252525; font-size: 14.4px;\">jakten sker p\u00e5 h\u00f6stm\u00f6tet!<\/strong><\/h6>\n<p>F\u00f6r \u00e5r 2019 ska totalt 100 po\u00e4ng skjutna med kulgev\u00e4r p\u00e5 skjutbana (Tallmossen eller annan godk\u00e4nd skjutbana) uppvisas av varje skytt f\u00f6re \u00e4lg \/ hjortjakten b\u00f6rjar. Po\u00e4ngen ska skjutas med 10:e skotts serier (4 st\u00e5ende och 6 l\u00f6pande).<\/p>\n\n\n<h4 class=\"wp-block-heading\"><a href=\"https:\/\/www.ymjakt.fi\/wp-content\/uploads\/2023\/09\/YMJ-Hjortjakt_2023-2024.pdf\" target=\"_blank\" rel=\"noreferrer noopener\">YMJ-VHjortjakt_2023-2024.pdf<\/a><\/h4>\n\n\n\n<h2 class=\"wp-block-heading\">2023-2024<\/h2>\n\n\n\n<figure class=\"wp-block-table is-style-stripes\"><table class=\"has-background\" style=\"background-color:#e9fbe5\"><tbody><tr><td class=\"has-text-align-left\" data-align=\"left\"><strong>Hjort p\u00e5 passjakt<\/strong><\/td><td>Bockar<\/td><td>Hindar<\/td><td class=\"has-text-align-right\" data-align=\"right\">kalv<\/td><td>Totalt<\/td><\/tr><tr><td class=\"has-text-align-left\" data-align=\"left\">Summa<\/td><td>4<\/td><td>1<\/td><td class=\"has-text-align-right\" data-align=\"right\">2<\/td><td>7<\/td><\/tr><tr><td class=\"has-text-align-left\" data-align=\"left\"><strong>Kvar att skjuta<\/strong><\/td><td>0<\/td><td>0<\/td><td class=\"has-text-align-right\" data-align=\"right\">0<\/td><td>0<\/td><\/tr><\/tbody><\/table><figcaption class=\"wp-element-caption\">Uppdaterat 26.11-2024 kl:1830<\/figcaption><\/figure>\n\n\n\n<figure class=\"wp-block-table is-style-stripes\"><table class=\"has-background\" style=\"background-color:#e9fbe5\"><tbody><tr><td><strong>Skjutna kalvar<\/strong> <strong>p\u00e5 passjakt<\/strong><\/td><td>Totalt<\/td><\/tr><tr><td>Bockkalv<\/td><td>1<\/td><\/tr><tr><td>Hindkalv<\/td><td>1<\/td><\/tr><\/tbody><\/table><figcaption class=\"wp-element-caption\">Uppdaterat 8.10-2024 kl:1830<\/figcaption><\/figure>\n\n\n\n<figure class=\"wp-block-table is-style-stripes\"><table class=\"has-background\" style=\"background-color:#e9fbe5\"><tbody><tr><td class=\"has-text-align-left\" data-align=\"left\"><strong>Hjort p\u00e5 samjakt<\/strong><\/td><td>Bockar<\/td><td>Hindar<\/td><td class=\"has-text-align-right\" data-align=\"right\">kalv<\/td><td>Totalt<\/td><\/tr><tr><td class=\"has-text-align-left\" data-align=\"left\">Summa<\/td><td><\/td><td><\/td><td class=\"has-text-align-right\" data-align=\"right\">2<\/td><td>2<\/td><\/tr><tr><td class=\"has-text-align-left\" data-align=\"left\"><strong>Kvar att skjuta<\/strong><\/td><td>3<\/td><td>0<\/td><td class=\"has-text-align-right\" data-align=\"right\">0<\/td><td>3<\/td><\/tr><\/tbody><\/table><figcaption class=\"wp-element-caption\">Uppdaterat 8.10-2024 kl:1830<\/figcaption><\/figure>\n\n\n\n<figure class=\"wp-block-table is-style-stripes\"><table class=\"has-background\" style=\"background-color:#e9fbe5\"><tbody><tr><td><strong>Skjutna kalvar<\/strong> <strong>p\u00e5 samjakt<\/strong><\/td><td>Totalt<\/td><\/tr><tr><td>Bockkalv<\/td><td>0<\/td><\/tr><tr><td>Hindkalv<\/td><td>2<\/td><\/tr><\/tbody><\/table><figcaption class=\"wp-element-caption\">Uppdaterat 8.10-2024 kl:1830<\/figcaption><\/figure>\n\n\n\n<h2 class=\"wp-block-heading\">2022-2023<\/h2>\n\n\n\n<figure class=\"wp-block-table is-style-stripes\"><table class=\"has-background\" style=\"background-color:#e9fbe5\"><tbody><tr><td class=\"has-text-align-left\" data-align=\"left\"><strong>Hjort p\u00e5 passjakt<\/strong><\/td><td>Bockar<\/td><td>Hindar<\/td><td class=\"has-text-align-right\" data-align=\"right\">kalv<\/td><td>Totalt<\/td><\/tr><tr><td class=\"has-text-align-left\" data-align=\"left\">Summa<\/td><td>5<\/td><td>1<\/td><td class=\"has-text-align-right\" data-align=\"right\">9<\/td><td>15<\/td><\/tr><tr><td class=\"has-text-align-left\" data-align=\"left\"><strong>Kvar att skjuta<\/strong><\/td><td>2<\/td><td>2<\/td><td class=\"has-text-align-right\" data-align=\"right\">3<\/td><td>7<\/td><\/tr><\/tbody><\/table><figcaption class=\"wp-element-caption\">Uppdaterat 15.2-2023 kl:2130<\/figcaption><\/figure>\n\n\n\n<figure class=\"wp-block-table is-style-stripes\"><table class=\"has-background\" style=\"background-color:#e9fbe5\"><tbody><tr><td><strong>Skjutna kalvar<\/strong> <strong>p\u00e5 passjakt<\/strong><\/td><td>Totalt<\/td><\/tr><tr><td>Bockkalv<\/td><td>7<\/td><\/tr><tr><td>Hindkalv<\/td><td>2<\/td><\/tr><\/tbody><\/table><figcaption class=\"wp-element-caption\">  Uppdaterat 15.2-2023 kl:2130 <\/figcaption><\/figure>\n\n\n\n<h2 class=\"wp-block-heading\"> 2021-2022<\/h2>\n\n\n\n<figure class=\"wp-block-table is-style-stripes\"><table class=\"has-background\" style=\"background-color:#e9fbe5\"><tbody><tr><td class=\"has-text-align-left\" data-align=\"left\"><strong>Hjort p\u00e5 passjakt<\/strong><\/td><td>Bockar<\/td><td>Hindar<\/td><td class=\"has-text-align-right\" data-align=\"right\">kalv<\/td><td>Totalt<\/td><\/tr><tr><td class=\"has-text-align-left\" data-align=\"left\">Summa<\/td><td>6<\/td><td>3<\/td><td class=\"has-text-align-right\" data-align=\"right\">7<\/td><td>16<\/td><\/tr><tr><td class=\"has-text-align-left\" data-align=\"left\"><strong>Kvar att skjuta<\/strong><\/td><td>1<\/td><td>1<\/td><td class=\"has-text-align-right\" data-align=\"right\">9<\/td><td>11<\/td><\/tr><\/tbody><\/table><figcaption class=\"wp-element-caption\">Uppdaterat 12.11-2021 kl:20:30<\/figcaption><\/figure>\n\n\n\n<figure class=\"wp-block-table is-style-stripes\"><table class=\"has-background\" style=\"background-color:#e9fbe5\"><tbody><tr><td><strong>Skjutna kalvar<\/strong> <strong>p\u00e5 passjakt<\/strong><\/td><td>Totalt<\/td><\/tr><tr><td>Bockkalv<\/td><td>3<\/td><\/tr><tr><td>Hindkalv<\/td><td>4<\/td><\/tr><\/tbody><\/table><figcaption class=\"wp-element-caption\">Uppdaterat 30.11-2021 kl:18:30<\/figcaption><\/figure>\n\n\n\n<h2 class=\"wp-block-heading\"> 2020-2021 <\/h2>\n\n\n\n<p><\/p>\n\n\n\n<figure class=\"wp-block-table is-style-stripes\"><table class=\"has-background\" style=\"background-color:#e9fbe5\"><tbody><tr><td class=\"has-text-align-left\" data-align=\"left\"><strong>Hjort p\u00e5 passjakt<\/strong><\/td><td>Bockar<\/td><td>Hindar<\/td><td class=\"has-text-align-right\" data-align=\"right\">kalv<\/td><td>Totalt<\/td><\/tr><tr><td class=\"has-text-align-left\" data-align=\"left\">Summa<\/td><td>7 <\/td><td>3<\/td><td class=\"has-text-align-right\" data-align=\"right\">13<\/td><td>23<\/td><\/tr><tr><td class=\"has-text-align-left\" data-align=\"left\"><strong>Kvar att skjuta<\/strong><\/td><td>0<\/td><td>0<\/td><td class=\"has-text-align-right\" data-align=\"right\">0<\/td><td>0<\/td><\/tr><\/tbody><\/table><figcaption class=\"wp-element-caption\"> <\/figcaption><\/figure>\n\n\n\n<figure class=\"wp-block-table is-style-stripes\"><table class=\"has-background\" style=\"background-color:#e9fbe5\"><tbody><tr><td><strong>Skjutna kalvar<\/strong> <strong>p\u00e5 passjakt<\/strong><\/td><td>Totalt<\/td><\/tr><tr><td>Bockkalv<\/td><td>7<\/td><\/tr><tr><td>Hindkalv<\/td><td>6<\/td><\/tr><\/tbody><\/table><figcaption class=\"wp-element-caption\">Uppdaterat 23.1-2021 kl:17.51<\/figcaption><\/figure>\n\n\n\n<p><\/p>\n","protected":false},"excerpt":{"rendered":"<p>OBS! Anm\u00e4lningen till hjortjakten sker p\u00e5 h\u00f6stm\u00f6tet! F\u00f6r \u00e5r 2019 ska totalt 100 po\u00e4ng skjutna med kulgev\u00e4r p\u00e5 skjutbana (Tallmossen eller annan godk\u00e4nd skjutbana) uppvisas av varje skytt f\u00f6re \u00e4lg \/ hjortjakten b\u00f6rjar. Po\u00e4ngen ska skjutas med 10:e skotts serier (4 st\u00e5ende och 6 l\u00f6pande). YMJ-VHjortjakt_2023-2024.pdf 2023-2024 Hjort p\u00e5 passjakt Bockar Hindar kalv Totalt Summa&#8230;<\/p>\n","protected":false},"author":1,"featured_media":0,"parent":0,"menu_order":0,"comment_status":"closed","ping_status":"closed","template":"","meta":{"footnotes":""},"class_list":["post-49","page","type-page","status-publish","hentry"],"_links":{"self":[{"href":"https:\/\/www.ymjakt.fi\/index.php?rest_route=\/wp\/v2\/pages\/49","targetHints":{"allow":["GET"]}}],"collection":[{"href":"https:\/\/www.ymjakt.fi\/index.php?rest_route=\/wp\/v2\/pages"}],"about":[{"href":"https:\/\/www.ymjakt.fi\/index.php?rest_route=\/wp\/v2\/types\/page"}],"author":[{"embeddable":true,"href":"https:\/\/www.ymjakt.fi\/index.php?rest_route=\/wp\/v2\/users\/1"}],"replies":[{"embeddable":true,"href":"https:\/\/www.ymjakt.fi\/index.php?rest_route=%2Fwp%2Fv2%2Fcomments&post=49"}],"version-history":[{"count":129,"href":"https:\/\/www.ymjakt.fi\/index.php?rest_route=\/wp\/v2\/pages\/49\/revisions"}],"predecessor-version":[{"id":2572,"href":"https:\/\/www.ymjakt.fi\/index.php?rest_route=\/wp\/v2\/pages\/49\/revisions\/2572"}],"wp:attachment":[{"href":"https:\/\/www.ymjakt.fi\/index.php?rest_route=%2Fwp%2Fv2%2Fmedia&parent=49"}],"curies":[{"name":"wp","href":"https:\/\/api.w.org\/{rel}","templated":true}]}}